{"id":24,"date":"2025-01-08T23:20:39","date_gmt":"2021-02-26T20:33:06","guid":{"rendered":""},"modified":"2025-04-25T09:53:44","modified_gmt":"2025-04-25T13:53:44","slug":"faq","status":"publish","type":"page","link":"https:\/\/ourlovely.wedding\/?page_id=24","title":{"rendered":"FAQ"},"content":{"rendered":"\n<div class=\"wp-block-cover aligncenter\"><img fetchpriority=\"high\" decoding=\"async\" width=\"1545\" height=\"2000\" class=\"wp-block-cover__image-background wp-image-3363\" alt=\"\" src=\"https:\/\/ourlovely.wedding\/wp-content\/uploads\/2025\/02\/Black-BG.png\" data-object-fit=\"cover\" srcset=\"https:\/\/ourlovely.wedding\/wp-content\/uploads\/2025\/02\/Black-BG.png 1545w, https:\/\/ourlovely.wedding\/wp-content\/uploads\/2025\/02\/Black-BG-232x300.png 232w, https:\/\/ourlovely.wedding\/wp-content\/uploads\/2025\/02\/Black-BG-791x1024.png 791w, https:\/\/ourlovely.wedding\/wp-content\/uploads\/2025\/02\/Black-BG-768x994.png 768w, https:\/\/ourlovely.wedding\/wp-content\/uploads\/2025\/02\/Black-BG-1187x1536.png 1187w, https:\/\/ourlovely.wedding\/wp-content\/uploads\/2025\/02\/Black-BG-46x60.png 46w\" sizes=\"(max-width: 1545px) 100vw, 1545px\" \/><span aria-hidden=\"true\" class=\"wp-block-cover__background has-black-background-color has-background-dim\"><\/span><div class=\"wp-block-cover__inner-container is-layout-constrained wp-block-cover-is-layout-constrained\">\n<div class=\"wp-block-group\"><div class=\"wp-block-group__inner-container is-layout-constrained wp-block-group-is-layout-constrained\">\n<h2 class=\"wp-block-heading has-text-align-center\">Wedding FAQ<\/h2>\n\n\n\n<div class=\"wp-block-columns are-vertically-aligned-top is-layout-flex wp-container-core-columns-is-layout-9d6595d7 wp-block-columns-is-layout-flex\">\n<div class=\"wp-block-column is-vertically-aligned-top is-layout-flow wp-block-column-is-layout-flow\">\n<h3 class=\"wp-block-heading alignfull\" id=\"h-is-your-product-eco-friendly\">Q. Can I bring kids?<\/h3>\n\n\n\n<p><em>\u00bfPuedo llevar ni\u00f1os?<\/em><\/p>\n<\/div>\n\n\n\n<div class=\"wp-block-column is-vertically-aligned-top is-layout-flow wp-block-column-is-layout-flow\">\n<p>Please only bring children if your invitation allows it.<\/p>\n\n\n\n<p><em>Por favor, solo traiga ni\u00f1os si su invitaci\u00f3n lo permite.<\/em><\/p>\n<\/div>\n<\/div>\n\n\n\n<div class=\"wp-block-columns is-layout-flex wp-container-core-columns-is-layout-9d6595d7 wp-block-columns-is-layout-flex\">\n<div class=\"wp-block-column is-vertically-aligned-top is-layout-flow wp-block-column-is-layout-flow\">\n<h3 class=\"wp-block-heading alignfull\" id=\"h-do-you-offer-any-discounts\">Q. What time should I arrive at location?<\/h3>\n\n\n\n<p><em>\u00bfA qu\u00e9 hora debo llegar al lugar?<\/em><\/p>\n<\/div>\n\n\n\n<div class=\"wp-block-column is-vertically-aligned-bottom is-layout-flow wp-block-column-is-layout-flow\">\n<p>Our ceremony will promptly begin at 4 PM, so we kindly request that you are seated by that time. If you are delayed, we kindly ask you to join us for the reception instead.<br><br>Reception begins at 5 PM and ends at 11:30PM.<\/p>\n\n\n\n<p><em>Nuestra ceremonia comenzar\u00e1 puntualmente a las 4 p.m., por lo que le solicitamos amablemente que est\u00e9 sentado a esa hora. Si se retrasa, le rogamos que se una a nosotros para la recepci\u00f3n.<\/em><\/p>\n\n\n\n<p><em>La recepci\u00f3n comienza a las 17 horas y termina a las 23:30 horas.<\/em><\/p>\n<\/div>\n<\/div>\n\n\n\n<div class=\"wp-block-columns is-layout-flex wp-container-core-columns-is-layout-9d6595d7 wp-block-columns-is-layout-flex\">\n<div class=\"wp-block-column is-vertically-aligned-top is-layout-flow wp-block-column-is-layout-flow\">\n<h3 class=\"wp-block-heading alignfull\" id=\"h-do-you-offer-any-discounts\">Q. Is there parking?<\/h3>\n\n\n\n<p><em>\u00bfHay lugar para estacionar?<\/em><\/p>\n<\/div>\n\n\n\n<div class=\"wp-block-column is-vertically-aligned-bottom is-layout-flow wp-block-column-is-layout-flow\">\n<p>For guests requiring accessible parking, the drop off area can be accessed at &#8230;. For all other guests, there is plenty of public parking available adjacent to the venue.<\/p>\n\n\n\n<p><em>Para los hu\u00e9spedes que necesiten aparcamiento accesible, se puede acceder a la zona de entrega en &#8230;. Para todos los dem\u00e1s hu\u00e9spedes, hay estacionamiento p\u00fablico disponible junto al salon.<\/em><\/p>\n<\/div>\n<\/div>\n\n\n\n<div class=\"wp-block-columns is-layout-flex wp-container-core-columns-is-layout-9d6595d7 wp-block-columns-is-layout-flex\">\n<div class=\"wp-block-column is-layout-flow wp-block-column-is-layout-flow\">\n<h3 class=\"wp-block-heading alignfull\" id=\"h-do-you-offer-any-discounts\">Q. Is there a dress code?<\/h3>\n\n\n\n<p><em>\u00bfHay un c\u00f3digo de vestimenta?<\/em><\/p>\n<\/div>\n\n\n\n<div class=\"wp-block-column is-vertically-aligned-bottom is-layout-flow wp-block-column-is-layout-flow\">\n<p>We&#8217;d love to see our family and friends dressed in semi-formal attire for our big day. Please no wearing jeans, or sneakers, and of course no wearing white.<\/p>\n\n\n\n<p><em>Nos encantar\u00eda ver a nuestra familia y amigos vestidos con atuendos semiformales para nuestro gran d\u00eda. Por favor, no use jeans o tenis, y por supuesto, no use ropa blanca.<\/em><\/p>\n<\/div>\n<\/div>\n\n\n\n<div class=\"wp-block-columns is-layout-flex wp-container-core-columns-is-layout-9d6595d7 wp-block-columns-is-layout-flex\">\n<div class=\"wp-block-column is-layout-flow wp-block-column-is-layout-flow\">\n<h3 class=\"wp-block-heading alignfull\" id=\"h-do-you-offer-any-discounts\">Q. Is the ceremony and reception at the same place?<\/h3>\n\n\n\n<p><em>\u00bfLa ceremonia y la recepci\u00f3n son en el mismo lugar?<\/em><\/p>\n<\/div>\n\n\n\n<div class=\"wp-block-column is-vertically-aligned-bottom is-layout-flow wp-block-column-is-layout-flow\">\n<p>Yep! They will both take place at the Wabash &amp; Erie Canal Park, however the ceremony will be outdoors and the reception indoors.<\/p>\n\n\n\n<p>\u00a1S\u00ed! Ambos se llevar\u00e1n a cabo en el Wabash &amp; Erie Canal Park, sin embargo, la ceremonia ser\u00e1 al aire libre y la recepci\u00f3n en el interior.<\/p>\n<\/div>\n<\/div>\n\n\n\n<div class=\"wp-block-columns is-layout-flex wp-container-core-columns-is-layout-9d6595d7 wp-block-columns-is-layout-flex\">\n<div class=\"wp-block-column is-layout-flow wp-block-column-is-layout-flow\">\n<h3 class=\"wp-block-heading alignfull\" id=\"h-do-you-offer-any-discounts\">Q. If I&#8217;m coming from out of town, where should I stay?<\/h3>\n\n\n\n<p><em>Si vengo de fuera de la ciudad, \u00bfd\u00f3nde debo alojarme?<\/em><\/p>\n<\/div>\n\n\n\n<div class=\"wp-block-column is-vertically-aligned-bottom is-layout-flow wp-block-column-is-layout-flow\">\n<p>Unfortunately there are no hotels in Delphi. Lafayette is about thirty minutes away, although you are welcome to rate shop for the best deals.<\/p>\n\n\n\n<p><em>Desafortunadamente no hay hoteles en Delphi. Lafayette es la ciudad mas cercana, est\u00e1 a unos treinta minutos de distancia.<\/em><\/p>\n<\/div>\n<\/div>\n\n\n\n<div class=\"wp-block-columns is-layout-flex wp-container-core-columns-is-layout-9d6595d7 wp-block-columns-is-layout-flex\">\n<div class=\"wp-block-column is-layout-flow wp-block-column-is-layout-flow\">\n<h3 class=\"wp-block-heading alignfull\" id=\"h-do-you-offer-any-discounts\">Q. Will there be a bar?<\/h3>\n\n\n\n<p><em>\u00bfHabr\u00e1 bar?<\/em><\/p>\n<\/div>\n\n\n\n<div class=\"wp-block-column is-vertically-aligned-bottom is-layout-flow wp-block-column-is-layout-flow\">\n<p>Yes! There will be self-serve beer and seltzers. Please drink responsibly and legally.<\/p>\n\n\n\n<p><em>\u00a1S\u00ed! Habr\u00e1 cerveza de autoservicio y seltzers. Por favor, beba de manera responsable y legal.<\/em><\/p>\n<\/div>\n<\/div>\n\n\n\n<div class=\"wp-block-columns is-layout-flex wp-container-core-columns-is-layout-9d6595d7 wp-block-columns-is-layout-flex\">\n<div class=\"wp-block-column is-layout-flow wp-block-column-is-layout-flow\">\n<h3 class=\"wp-block-heading alignfull\" id=\"h-do-you-offer-any-discounts\">Q. Will there be vegetarian\/vegan options?<\/h3>\n\n\n\n<p><em>\u00bfHabr\u00e1 opciones vegetarianas\/veganas?<\/em><\/p>\n<\/div>\n\n\n\n<div class=\"wp-block-column is-vertically-aligned-bottom is-layout-flow wp-block-column-is-layout-flow\">\n<p>Options will be limited, please notify us of any allergies or dietary restrictions. We will try to make accommodations.<\/p>\n\n\n\n<p><em>Las opciones ser\u00e1n limitadas, notif\u00edquenos de cualquier alergia o restricci\u00f3n diet\u00e9tica. Trataremos de hacer adaptaciones.<\/em><\/p>\n<\/div>\n<\/div>\n\n\n\n<div class=\"wp-block-columns is-layout-flex wp-container-core-columns-is-layout-9d6595d7 wp-block-columns-is-layout-flex\">\n<div class=\"wp-block-column is-layout-flow wp-block-column-is-layout-flow\">\n<h3 class=\"wp-block-heading alignfull\" id=\"h-do-you-offer-any-discounts\">Q. Are you registered? Where?<\/h3>\n\n\n\n<p><em>\u00bfEst\u00e1s registrados? \u00bfD\u00f3nde?<\/em><\/p>\n<\/div>\n\n\n\n<div class=\"wp-block-column is-vertically-aligned-bottom is-layout-flow wp-block-column-is-layout-flow\">\n<p>Your presence is more than enough! While we&#8217;re not having a traditional gift registry, we will be accepting donations to our house fund. This fund can be found at the donate link at the top of this website or if you&#8217;d like to contribute the day of we will have a card box at reception. Please know this is entirely optional &#8211; what matters most is that you&#8217;re there with us to make memories on our big day!<\/p>\n\n\n\n<p><em>\u00a1Tu presencia es m\u00e1s que suficiente! Si bien no tendremos un registro de regalos tradicional, aceptaremos donaciones para nuestro fondo de casa. Este fondo se puede encontrar en el enlace de donaci\u00f3n en la parte superior de este sitio web o si desea contribuir el d\u00eda de la boda, tendremos una caja de tarjetas en la recepci\u00f3n. Tenga en cuenta que esto es completamente opcional: \u00a1lo m\u00e1s importante es que est\u00e9 all\u00ed con nosotros para crear recuerdos en nuestro gran d\u00eda!<\/em><\/p>\n<\/div>\n<\/div>\n<\/div><\/div>\n<\/div><\/div>\n\n\n\n<p><\/p>\n","protected":false},"excerpt":{"rendered":"","protected":false},"author":1,"featured_media":0,"parent":0,"menu_order":0,"comment_status":"closed","ping_status":"closed","template":"elementor_theme","meta":{"footnotes":""},"class_list":["post-24","page","type-page","status-publish","hentry"],"_links":{"self":[{"href":"https:\/\/ourlovely.wedding\/index.php?rest_route=\/wp\/v2\/pages\/24","targetHints":{"allow":["GET"]}}],"collection":[{"href":"https:\/\/ourlovely.wedding\/index.php?rest_route=\/wp\/v2\/pages"}],"about":[{"href":"https:\/\/ourlovely.wedding\/index.php?rest_route=\/wp\/v2\/types\/page"}],"author":[{"embeddable":true,"href":"https:\/\/ourlovely.wedding\/index.php?rest_route=\/wp\/v2\/users\/1"}],"replies":[{"embeddable":true,"href":"https:\/\/ourlovely.wedding\/index.php?rest_route=%2Fwp%2Fv2%2Fcomments&post=24"}],"version-history":[{"count":31,"href":"https:\/\/ourlovely.wedding\/index.php?rest_route=\/wp\/v2\/pages\/24\/revisions"}],"predecessor-version":[{"id":3395,"href":"https:\/\/ourlovely.wedding\/index.php?rest_route=\/wp\/v2\/pages\/24\/revisions\/3395"}],"wp:attachment":[{"href":"https:\/\/ourlovely.wedding\/index.php?rest_route=%2Fwp%2Fv2%2Fmedia&parent=24"}],"curies":[{"name":"wp","href":"https:\/\/api.w.org\/{rel}","templated":true}]}}